{"id":9,"date":"2023-05-21T14:02:22","date_gmt":"2023-05-21T14:02:22","guid":{"rendered":"https:\/\/premista.ch\/wp\/?page_id=9"},"modified":"2025-07-09T20:18:43","modified_gmt":"2025-07-09T20:18:43","slug":"premista","status":"publish","type":"page","link":"https:\/\/premista.ch\/","title":{"rendered":"Premista"},"content":{"rendered":"\n<div class=\"wp-block-cover alignfull\"><span aria-hidden=\"true\" class=\"wp-block-cover__background has-background-dim\" style=\"background-color:#856a53\"><\/span><img loading=\"lazy\" decoding=\"async\" width=\"2560\" height=\"1101\" src=\"https:\/\/premista.ch\/wp\/wp-content\/uploads\/2023\/06\/Hintergrund2.jpg\" class=\"wp-block-cover__image-background wp-post-image\" alt=\"\" data-object-fit=\"cover\" data-object-position=\"50% 16%\" style=\"object-position:50% 16%;\" srcset=\"https:\/\/premista.ch\/wp\/wp-content\/uploads\/2023\/06\/Hintergrund2.jpg 2560w, https:\/\/premista.ch\/wp\/wp-content\/uploads\/2023\/06\/Hintergrund2-300x129.jpg 300w, https:\/\/premista.ch\/wp\/wp-content\/uploads\/2023\/06\/Hintergrund2-1024x440.jpg 1024w, https:\/\/premista.ch\/wp\/wp-content\/uploads\/2023\/06\/Hintergrund2-768x330.jpg 768w, https:\/\/premista.ch\/wp\/wp-content\/uploads\/2023\/06\/Hintergrund2-1536x661.jpg 1536w, https:\/\/premista.ch\/wp\/wp-content\/uploads\/2023\/06\/Hintergrund2-2048x881.jpg 2048w\" sizes=\"auto, (max-width: 2560px) 100vw, 2560px\" \/><div class=\"wp-block-cover__inner-container is-layout-flow wp-block-cover-is-layout-flow\">\n<p class=\"has-text-align-center has-large-font-size\">Mehrwert durch Weitblick<\/p>\n<\/div><\/div>\n\n\n\n<h2 class=\"wp-block-heading\">Unser Angebot<\/h2>\n\n\n\n<h3 class=\"wp-block-heading\">Beratung Immoblien im SAP Umfeld<\/h3>\n\n\n\n<p>Wir bieten SAP Beratung f\u00fcr die Immobilienbranche im Bereich der L\u00f6sungsarchitektur<\/p>\n\n\n\n<p>KFM, TFM, Schnittstellen CAFM, Instandhaltungsprozesse, Externe Zug\u00e4nge (Portale), Mobile Zug\u00e4nge f\u00fcr verschiedene Anwendergruppen, Integration DMS<\/p>\n\n\n\n<h3 class=\"wp-block-heading\">Beratung Software-Entwicklung im SAP Umfeld<\/h3>\n\n\n\n<p>sowie allgemeine SAP Entwicklungs-Beratung<\/p>\n\n\n\n<p>SAP ABAP OO, SAP Fiori, SAPUI5, SAP Gateway, Angular, Node.JS, SAP BTP, CDS, RESTfull, Webservices, Adobe Forms<\/p>\n\n\n\n<h3 class=\"wp-block-heading\">Weitere Fertigkeiten<\/h3>\n\n\n\n<p>Project Lead Agile Teams | Requirement Engineering | Training<\/p>\n\n\n\n<hr class=\"wp-block-separator has-alpha-channel-opacity is-style-default\"\/>\n\n\n\n<div class=\"wp-block-media-text alignwide is-stacked-on-mobile\"><figure class=\"wp-block-media-text__media\"><img loading=\"lazy\" decoding=\"async\" width=\"1024\" height=\"768\" src=\"https:\/\/premista.ch\/wp\/wp-content\/uploads\/2023\/06\/Hintergrund-1024x768.jpg\" alt=\"\" class=\"wp-image-123 size-full\" srcset=\"https:\/\/premista.ch\/wp\/wp-content\/uploads\/2023\/06\/Hintergrund-1024x768.jpg 1024w, https:\/\/premista.ch\/wp\/wp-content\/uploads\/2023\/06\/Hintergrund-300x225.jpg 300w, https:\/\/premista.ch\/wp\/wp-content\/uploads\/2023\/06\/Hintergrund-768x576.jpg 768w, https:\/\/premista.ch\/wp\/wp-content\/uploads\/2023\/06\/Hintergrund-1536x1152.jpg 1536w, https:\/\/premista.ch\/wp\/wp-content\/uploads\/2023\/06\/Hintergrund-2048x1536.jpg 2048w\" sizes=\"auto, (max-width: 1024px) 100vw, 1024px\" \/><\/figure><div class=\"wp-block-media-text__content\">\n<h2 class=\"wp-block-heading\">Unsere Werte<\/h2>\n\n\n\n<h3 class=\"wp-block-heading\">als Dienstleister<\/h3>\n\n\n\n<ul class=\"wp-block-list\">\n<li>Professionalit\u00e4t<\/li>\n\n\n\n<li>Effizienz<\/li>\n\n\n\n<li>Herzlichkeit<\/li>\n<\/ul>\n\n\n\n<h3 class=\"wp-block-heading\">als Firma<\/h3>\n\n\n\n<ul class=\"wp-block-list\">\n<li>Ein gesundes Arbeitsumfeld<\/li>\n\n\n\n<li>Eine intakte Umwelt<\/li>\n<\/ul>\n<\/div><\/div>\n\n\n\n<p><\/p>\n","protected":false},"excerpt":{"rendered":"<p>Unser Angebot Beratung Immoblien im SAP Umfeld Wir bieten SAP Beratung f\u00fcr die Immobilienbranche im Bereich der L\u00f6sungsarchitektur KFM, TFM, Schnittstellen CAFM, Instandhaltungsprozesse, Externe Zug\u00e4nge [&hellip;]<\/p>\n","protected":false},"author":1,"featured_media":125,"parent":0,"menu_order":0,"comment_status":"closed","ping_status":"closed","template":"","meta":{"footnotes":""},"class_list":["post-9","page","type-page","status-publish","has-post-thumbnail","hentry"],"_links":{"self":[{"href":"https:\/\/premista.ch\/index.php?rest_route=\/wp\/v2\/pages\/9","targetHints":{"allow":["GET"]}}],"collection":[{"href":"https:\/\/premista.ch\/index.php?rest_route=\/wp\/v2\/pages"}],"about":[{"href":"https:\/\/premista.ch\/index.php?rest_route=\/wp\/v2\/types\/page"}],"author":[{"embeddable":true,"href":"https:\/\/premista.ch\/index.php?rest_route=\/wp\/v2\/users\/1"}],"replies":[{"embeddable":true,"href":"https:\/\/premista.ch\/index.php?rest_route=%2Fwp%2Fv2%2Fcomments&post=9"}],"version-history":[{"count":20,"href":"https:\/\/premista.ch\/index.php?rest_route=\/wp\/v2\/pages\/9\/revisions"}],"predecessor-version":[{"id":157,"href":"https:\/\/premista.ch\/index.php?rest_route=\/wp\/v2\/pages\/9\/revisions\/157"}],"wp:featuredmedia":[{"embeddable":true,"href":"https:\/\/premista.ch\/index.php?rest_route=\/wp\/v2\/media\/125"}],"wp:attachment":[{"href":"https:\/\/premista.ch\/index.php?rest_route=%2Fwp%2Fv2%2Fmedia&parent=9"}],"curies":[{"name":"wp","href":"https:\/\/api.w.org\/{rel}","templated":true}]}}